{"id":13,"date":"2026-02-18T16:36:27","date_gmt":"2026-02-18T15:36:27","guid":{"rendered":"http:\/\/kroon-academy.pl\/?page_id=13"},"modified":"2026-02-18T19:18:49","modified_gmt":"2026-02-18T18:18:49","slug":"strona-glowna","status":"publish","type":"page","link":"https:\/\/kroon-academy.pl\/","title":{"rendered":"Strona g\u0142\u00f3wna"},"content":{"rendered":"\t\t<div data-elementor-type=\"wp-page\" data-elementor-id=\"13\" class=\"elementor elementor-13\" data-elementor-post-type=\"page\">\n\t\t\t\t<div class=\"elementor-element elementor-element-a894387 e-con-full e-flex wpr-particle-no wpr-jarallax-no wpr-parallax-no wpr-sticky-section-no e-con e-parent\" data-id=\"a894387\" data-element_type=\"container\" data-e-type=\"container\" data-settings=\"{&quot;background_background&quot;:&quot;classic&quot;}\">\n\t\t<div class=\"elementor-element elementor-element-8b0b1a2 e-con-full e-flex wpr-particle-no wpr-jarallax-no wpr-parallax-no wpr-sticky-section-no e-con e-child\" data-id=\"8b0b1a2\" data-element_type=\"container\" data-e-type=\"container\" data-settings=\"{&quot;background_background&quot;:&quot;classic&quot;}\">\n\t\t\t\t<div class=\"elementor-element elementor-element-a680c40 elementor-widget-mobile__width-initial elementor-widget elementor-widget-image\" data-id=\"a680c40\" data-element_type=\"widget\" data-e-type=\"widget\" data-widget_type=\"image.default\">\n\t\t\t\t\t\t\t\t\t\t\t\t\t\t\t<img fetchpriority=\"high\" decoding=\"async\" width=\"1024\" height=\"1024\" src=\"https:\/\/kroon-academy.pl\/wp-content\/uploads\/2026\/02\/Gemini_Generated_Image_3s728b3s728b3s72-1.png\" class=\"attachment-2048x2048 size-2048x2048 wp-image-22\" alt=\"\" srcset=\"https:\/\/kroon-academy.pl\/wp-content\/uploads\/2026\/02\/Gemini_Generated_Image_3s728b3s728b3s72-1.png 1024w, https:\/\/kroon-academy.pl\/wp-content\/uploads\/2026\/02\/Gemini_Generated_Image_3s728b3s728b3s72-1-300x300.png 300w, https:\/\/kroon-academy.pl\/wp-content\/uploads\/2026\/02\/Gemini_Generated_Image_3s728b3s728b3s72-1-150x150.png 150w, https:\/\/kroon-academy.pl\/wp-content\/uploads\/2026\/02\/Gemini_Generated_Image_3s728b3s728b3s72-1-768x768.png 768w\" sizes=\"(max-width: 1024px) 100vw, 1024px\" \/>\t\t\t\t\t\t\t\t\t\t\t\t\t\t\t<\/div>\n\t\t\t\t<\/div>\n\t\t<div class=\"elementor-element elementor-element-d478d0a e-con-full e-flex wpr-particle-no wpr-jarallax-no wpr-parallax-no wpr-sticky-section-no e-con e-child\" data-id=\"d478d0a\" data-element_type=\"container\" data-e-type=\"container\">\n\t\t\t\t<div class=\"elementor-element elementor-element-04f8379 elementor-widget elementor-widget-spacer\" data-id=\"04f8379\" data-element_type=\"widget\" data-e-type=\"widget\" data-widget_type=\"spacer.default\">\n\t\t\t\t\t\t\t<div class=\"elementor-spacer\">\n\t\t\t<div class=\"elementor-spacer-inner\"><\/div>\n\t\t<\/div>\n\t\t\t\t\t\t<\/div>\n\t\t\t\t<div class=\"elementor-element elementor-element-6072a82 elementor-view-default elementor-widget elementor-widget-icon\" data-id=\"6072a82\" data-element_type=\"widget\" data-e-type=\"widget\" data-widget_type=\"icon.default\">\n\t\t\t\t\t\t\t<div class=\"elementor-icon-wrapper\">\n\t\t\t<div class=\"elementor-icon\">\n\t\t\t<svg aria-hidden=\"true\" class=\"e-font-icon-svg e-fas-grip-lines\" viewBox=\"0 0 512 512\" xmlns=\"http:\/\/www.w3.org\/2000\/svg\"><path d=\"M496 288H16c-8.8 0-16 7.2-16 16v32c0 8.8 7.2 16 16 16h480c8.8 0 16-7.2 16-16v-32c0-8.8-7.2-16-16-16zm0-128H16c-8.8 0-16 7.2-16 16v32c0 8.8 7.2 16 16 16h480c8.8 0 16-7.2 16-16v-32c0-8.8-7.2-16-16-16z\"><\/path><\/svg>\t\t\t<\/div>\n\t\t<\/div>\n\t\t\t\t\t\t<\/div>\n\t\t\t\t<\/div>\n\t\t\t\t<\/div>\n\t\t<div class=\"elementor-element elementor-element-915c8b0 e-con-full e-flex wpr-particle-no wpr-jarallax-no wpr-parallax-no wpr-sticky-section-no e-con e-parent\" data-id=\"915c8b0\" data-element_type=\"container\" data-e-type=\"container\" data-settings=\"{&quot;background_background&quot;:&quot;classic&quot;}\">\n\t\t<div class=\"elementor-element elementor-element-4bb403e e-con-full e-flex wpr-particle-no wpr-jarallax-no wpr-parallax-no wpr-sticky-section-no e-con e-child\" data-id=\"4bb403e\" data-element_type=\"container\" data-e-type=\"container\">\n\t\t\t\t<div class=\"elementor-element elementor-element-0912c41 elementor-widget elementor-widget-spacer\" data-id=\"0912c41\" data-element_type=\"widget\" data-e-type=\"widget\" data-widget_type=\"spacer.default\">\n\t\t\t\t\t\t\t<div class=\"elementor-spacer\">\n\t\t\t<div class=\"elementor-spacer-inner\"><\/div>\n\t\t<\/div>\n\t\t\t\t\t\t<\/div>\n\t\t\t\t<\/div>\n\t\t<div class=\"elementor-element elementor-element-8f88475 e-con-full e-flex wpr-particle-no wpr-jarallax-no wpr-parallax-no wpr-sticky-section-no e-con e-child\" data-id=\"8f88475\" data-element_type=\"container\" data-e-type=\"container\">\n\t\t\t\t<div class=\"elementor-element elementor-element-d4231f3 elementor-widget elementor-widget-heading\" data-id=\"d4231f3\" data-element_type=\"widget\" data-e-type=\"widget\" data-widget_type=\"heading.default\">\n\t\t\t\t\t<h2 class=\"elementor-heading-title elementor-size-default\">TWOJA KONKURENCJA JU\u017b PRZEGRA\u0141A. PYTANIE, CZY TY O TYM WIESZ.<\/h2>\t\t\t\t<\/div>\n\t\t\t\t<div class=\"elementor-element elementor-element-1a448d4 elementor-align-center elementor-widget elementor-widget-button\" data-id=\"1a448d4\" data-element_type=\"widget\" data-e-type=\"widget\" data-widget_type=\"button.default\">\n\t\t\t\t\t\t\t\t\t\t<a class=\"elementor-button elementor-button-link elementor-size-sm\" href=\"https:\/\/tally.so\/r\/687kQe\">\n\t\t\t\t\t\t<span class=\"elementor-button-content-wrapper\">\n\t\t\t\t\t\t\t\t\t<span class=\"elementor-button-text\">[WCHODZ\u0118 DO GRY -&gt;]<\/span>\n\t\t\t\t\t<\/span>\n\t\t\t\t\t<\/a>\n\t\t\t\t\t\t\t\t<\/div>\n\t\t\t\t<div class=\"elementor-element elementor-element-b17556c elementor-widget elementor-widget-text-editor\" data-id=\"b17556c\" data-element_type=\"widget\" data-e-type=\"widget\" data-widget_type=\"text-editor.default\">\n\t\t\t\t\t\t\t\t\t<p>W Kroon Academy buduj\u0119 pot\u0119gi, kt\u00f3re po\u017ceraj\u0105 rynek. W Kroon Academy ucz\u0119 Ci\u0119, jak zosta\u0107 drapie\u017cnikiem, a nie zwierzyn\u0105. B\u0105dz w top 1%.<\/p>\t\t\t\t\t\t\t\t<\/div>\n\t\t\t\t<div class=\"elementor-element elementor-element-e00cd41 elementor-widget elementor-widget-text-editor\" data-id=\"e00cd41\" data-element_type=\"widget\" data-e-type=\"widget\" data-widget_type=\"text-editor.default\">\n\t\t\t\t\t\t\t\t\t<p>ig @<strong>kroonacademy<\/strong><\/p>\t\t\t\t\t\t\t\t<\/div>\n\t\t\t\t<div class=\"elementor-element elementor-element-bd90d58 elementor-widget elementor-widget-spacer\" data-id=\"bd90d58\" data-element_type=\"widget\" data-e-type=\"widget\" data-widget_type=\"spacer.default\">\n\t\t\t\t\t\t\t<div class=\"elementor-spacer\">\n\t\t\t<div class=\"elementor-spacer-inner\"><\/div>\n\t\t<\/div>\n\t\t\t\t\t\t<\/div>\n\t\t\t\t<\/div>\n\t\t<div class=\"elementor-element elementor-element-7b86ecc e-con-full e-flex wpr-particle-no wpr-jarallax-no wpr-parallax-no wpr-sticky-section-no e-con e-child\" data-id=\"7b86ecc\" data-element_type=\"container\" data-e-type=\"container\">\n\t\t\t\t<\/div>\n\t\t\t\t<\/div>\n\t\t\t\t<section class=\"elementor-section elementor-top-section elementor-element elementor-element-7eea43650 elementor-section-boxed elementor-section-height-default elementor-section-height-default wpr-particle-no wpr-jarallax-no wpr-parallax-no wpr-sticky-section-no\" data-id=\"7eea43650\" data-element_type=\"section\" data-e-type=\"section\" data-settings=\"{&quot;background_background&quot;:&quot;classic&quot;}\">\n\t\t\t\t\t\t<div class=\"elementor-container elementor-column-gap-default\">\n\t\t\t\t\t<div class=\"elementor-column elementor-col-50 elementor-top-column elementor-element elementor-element-20e88306\" data-id=\"20e88306\" data-element_type=\"column\" data-e-type=\"column\">\n\t\t\t<div class=\"elementor-widget-wrap elementor-element-populated\">\n\t\t\t\t\t\t<div class=\"elementor-element elementor-element-5a913f51 elementor-widget-mobile__width-initial elementor-widget elementor-widget-heading\" data-id=\"5a913f51\" data-element_type=\"widget\" data-e-type=\"widget\" data-widget_type=\"heading.default\">\n\t\t\t\t\t<h2 class=\"elementor-heading-title elementor-size-default\">[MENU]<\/h2>\t\t\t\t<\/div>\n\t\t\t\t<div class=\"elementor-element elementor-element-619f20a elementor-widget-mobile__width-initial elementor-widget elementor-widget-heading\" data-id=\"619f20a\" data-element_type=\"widget\" data-e-type=\"widget\" data-widget_type=\"heading.default\">\n\t\t\t\t\t<p class=\"elementor-heading-title elementor-size-default\">Marketing organiczny<\/p>\t\t\t\t<\/div>\n\t\t\t\t<div class=\"elementor-element elementor-element-4358c6e elementor-widget-mobile__width-initial elementor-widget elementor-widget-heading\" data-id=\"4358c6e\" data-element_type=\"widget\" data-e-type=\"widget\" data-widget_type=\"heading.default\">\n\t\t\t\t\t<p class=\"elementor-heading-title elementor-size-default\">Marketing dla firm <\/p>\t\t\t\t<\/div>\n\t\t\t\t<div class=\"elementor-element elementor-element-49d3813 elementor-widget-mobile__width-initial elementor-widget elementor-widget-heading\" data-id=\"49d3813\" data-element_type=\"widget\" data-e-type=\"widget\" data-widget_type=\"heading.default\">\n\t\t\t\t\t<p class=\"elementor-heading-title elementor-size-default\">Instagram<\/p>\t\t\t\t<\/div>\n\t\t\t\t<div class=\"elementor-element elementor-element-5945ea60 elementor-widget-mobile__width-initial elementor-widget elementor-widget-heading\" data-id=\"5945ea60\" data-element_type=\"widget\" data-e-type=\"widget\" data-widget_type=\"heading.default\">\n\t\t\t\t\t<p class=\"elementor-heading-title elementor-size-default\">TikTok<\/p>\t\t\t\t<\/div>\n\t\t\t\t<div class=\"elementor-element elementor-element-57dfe480 elementor-widget-mobile__width-initial elementor-widget elementor-widget-heading\" data-id=\"57dfe480\" data-element_type=\"widget\" data-e-type=\"widget\" data-widget_type=\"heading.default\">\n\t\t\t\t\t<p class=\"elementor-heading-title elementor-size-default\">Youtube<\/p>\t\t\t\t<\/div>\n\t\t\t\t\t<\/div>\n\t\t<\/div>\n\t\t\t\t<div class=\"elementor-column elementor-col-50 elementor-top-column elementor-element elementor-element-5e82ce7\" data-id=\"5e82ce7\" data-element_type=\"column\" data-e-type=\"column\">\n\t\t\t<div class=\"elementor-widget-wrap elementor-element-populated\">\n\t\t\t\t\t\t<div class=\"elementor-element elementor-element-7c815ea elementor-widget elementor-widget-heading\" data-id=\"7c815ea\" data-element_type=\"widget\" data-e-type=\"widget\" data-widget_type=\"heading.default\">\n\t\t\t\t\t<h2 class=\"elementor-heading-title elementor-size-default\">\u00a9 2026 Kroon Academy. Wszelkie prawa zastrze\u017cone.\n<\/h2>\t\t\t\t<\/div>\n\t\t\t\t\t<\/div>\n\t\t<\/div>\n\t\t\t\t\t<\/div>\n\t\t<\/section>\n\t\t\t\t<section class=\"elementor-section elementor-top-section elementor-element elementor-element-20cc721a elementor-section-boxed elementor-section-height-default elementor-section-height-default wpr-particle-no wpr-jarallax-no wpr-parallax-no wpr-sticky-section-no\" data-id=\"20cc721a\" data-element_type=\"section\" data-e-type=\"section\">\n\t\t\t\t\t\t<div class=\"elementor-container elementor-column-gap-no\">\n\t\t\t\t\t<div class=\"elementor-column elementor-col-100 elementor-top-column elementor-element elementor-element-61905f97\" data-id=\"61905f97\" data-element_type=\"column\" data-e-type=\"column\">\n\t\t\t<div class=\"elementor-widget-wrap\">\n\t\t\t\t\t\t\t<\/div>\n\t\t<\/div>\n\t\t\t\t\t<\/div>\n\t\t<\/section>\n\t\t\t\t<\/div>\n\t\t","protected":false},"excerpt":{"rendered":"<p>TWOJA KONKURENCJA JU\u017b PRZEGRA\u0141A. PYTANIE, CZY TY O TYM WIESZ. [WCHODZ\u0118 DO GRY -&gt;] W Kroon Academy buduj\u0119 pot\u0119gi, kt\u00f3re po\u017ceraj\u0105 rynek. W Kroon Academy ucz\u0119 Ci\u0119, jak zosta\u0107 drapie\u017cnikiem, a nie zwierzyn\u0105. B\u0105dz w top 1%. ig @kroonacademy [MENU] Marketing organiczny Marketing dla firm Instagram TikTok Youtube \u00a9 2026 Kroon Academy. Wszelkie prawa zastrze\u017cone.<\/p>\n","protected":false},"author":1,"featured_media":0,"parent":0,"menu_order":0,"comment_status":"closed","ping_status":"closed","template":"","meta":{"site-sidebar-layout":"no-sidebar","site-content-layout":"","ast-site-content-layout":"full-width-container","site-content-style":"default","site-sidebar-style":"default","ast-global-header-display":"","ast-banner-title-visibility":"","ast-main-header-display":"","ast-hfb-above-header-display":"","ast-hfb-below-header-display":"","ast-hfb-mobile-header-display":"","site-post-title":"disabled","ast-breadcrumbs-content":"","ast-featured-img":"disabled","footer-sml-layout":"","ast-disable-related-posts":"","theme-transparent-header-meta":"","adv-header-id-meta":"","stick-header-meta":"","header-above-stick-meta":"","header-main-stick-meta":"","header-below-stick-meta":"","astra-migrate-meta-layouts":"default","ast-page-background-enabled":"default","ast-page-background-meta":{"desktop":{"background-color":"var(--ast-global-color-5)","background-image":"","background-repeat":"repeat","background-position":"center center","background-size":"auto","background-attachment":"scroll","background-type":"","background-media":"","overlay-type":"","overlay-color":"","overlay-opacity":"","overlay-gradient":""},"tablet":{"background-color":"","background-image":"","background-repeat":"repeat","background-position":"center center","background-size":"auto","background-attachment":"scroll","background-type":"","background-media":"","overlay-type":"","overlay-color":"","overlay-opacity":"","overlay-gradient":""},"mobile":{"background-color":"","background-image":"","background-repeat":"repeat","background-position":"center center","background-size":"auto","background-attachment":"scroll","background-type":"","background-media":"","overlay-type":"","overlay-color":"","overlay-opacity":"","overlay-gradient":""}},"ast-content-background-meta":{"desktop":{"background-color":"var(--ast-global-color-4)","background-image":"","background-repeat":"repeat","background-position":"center center","background-size":"auto","background-attachment":"scroll","background-type":"","background-media":"","overlay-type":"","overlay-color":"","overlay-opacity":"","overlay-gradient":""},"tablet":{"background-color":"var(--ast-global-color-4)","background-image":"","background-repeat":"repeat","background-position":"center center","background-size":"auto","background-attachment":"scroll","background-type":"","background-media":"","overlay-type":"","overlay-color":"","overlay-opacity":"","overlay-gradient":""},"mobile":{"background-color":"var(--ast-global-color-4)","background-image":"","background-repeat":"repeat","background-position":"center center","background-size":"auto","background-attachment":"scroll","background-type":"","background-media":"","overlay-type":"","overlay-color":"","overlay-opacity":"","overlay-gradient":""}},"footnotes":""},"class_list":["post-13","page","type-page","status-publish","hentry"],"yoast_head":"<!-- This site is optimized with the Yoast SEO plugin v27.0 - https:\/\/yoast.com\/product\/yoast-seo-wordpress\/ -->\n<title>Strona g\u0142\u00f3wna - Kroon-academy.pl - Realne efekty Pot\u0119\u017cny zysk!<\/title>\n<meta name=\"robots\" content=\"index, follow, max-snippet:-1, max-image-preview:large, max-video-preview:-1\" \/>\n<link rel=\"canonical\" href=\"http:\/\/kroon-academy.pl\/\" \/>\n<meta property=\"og:locale\" content=\"en_US\" \/>\n<meta property=\"og:type\" content=\"article\" \/>\n<meta property=\"og:title\" content=\"Strona g\u0142\u00f3wna - Kroon-academy.pl - Realne efekty Pot\u0119\u017cny zysk!\" \/>\n<meta property=\"og:description\" content=\"TWOJA KONKURENCJA JU\u017b PRZEGRA\u0141A. PYTANIE, CZY TY O TYM WIESZ. [WCHODZ\u0118 DO GRY -&gt;] W Kroon Academy buduj\u0119 pot\u0119gi, kt\u00f3re po\u017ceraj\u0105 rynek. W Kroon Academy ucz\u0119 Ci\u0119, jak zosta\u0107 drapie\u017cnikiem, a nie zwierzyn\u0105. B\u0105dz w top 1%. ig @kroonacademy [MENU] Marketing organiczny Marketing dla firm Instagram TikTok Youtube \u00a9 2026 Kroon Academy. Wszelkie prawa zastrze\u017cone.\" \/>\n<meta property=\"og:url\" content=\"http:\/\/kroon-academy.pl\/\" \/>\n<meta property=\"og:site_name\" content=\"Kroon-academy.pl - Realne efekty Pot\u0119\u017cny zysk!\" \/>\n<meta property=\"article:modified_time\" content=\"2026-02-18T18:18:49+00:00\" \/>\n<meta property=\"og:image\" content=\"http:\/\/kroon-academy.pl\/wp-content\/uploads\/2026\/02\/Gemini_Generated_Image_3s728b3s728b3s72-1.png\" \/>\n<meta name=\"twitter:card\" content=\"summary_large_image\" \/>\n<meta name=\"twitter:label1\" content=\"Est. reading time\" \/>\n\t<meta name=\"twitter:data1\" content=\"1 minute\" \/>\n<script type=\"application\/ld+json\" class=\"yoast-schema-graph\">{\"@context\":\"https:\/\/schema.org\",\"@graph\":[{\"@type\":\"WebPage\",\"@id\":\"http:\/\/kroon-academy.pl\/\",\"url\":\"http:\/\/kroon-academy.pl\/\",\"name\":\"Strona g\u0142\u00f3wna - Kroon-academy.pl - Realne efekty Pot\u0119\u017cny zysk!\",\"isPartOf\":{\"@id\":\"http:\/\/kroon-academy.pl\/#website\"},\"primaryImageOfPage\":{\"@id\":\"http:\/\/kroon-academy.pl\/#primaryimage\"},\"image\":{\"@id\":\"http:\/\/kroon-academy.pl\/#primaryimage\"},\"thumbnailUrl\":\"http:\/\/kroon-academy.pl\/wp-content\/uploads\/2026\/02\/Gemini_Generated_Image_3s728b3s728b3s72-1.png\",\"datePublished\":\"2026-02-18T15:36:27+00:00\",\"dateModified\":\"2026-02-18T18:18:49+00:00\",\"breadcrumb\":{\"@id\":\"http:\/\/kroon-academy.pl\/#breadcrumb\"},\"inLanguage\":\"en-US\",\"potentialAction\":[{\"@type\":\"ReadAction\",\"target\":[\"http:\/\/kroon-academy.pl\/\"]}]},{\"@type\":\"ImageObject\",\"inLanguage\":\"en-US\",\"@id\":\"http:\/\/kroon-academy.pl\/#primaryimage\",\"url\":\"https:\/\/kroon-academy.pl\/wp-content\/uploads\/2026\/02\/Gemini_Generated_Image_3s728b3s728b3s72-1.png\",\"contentUrl\":\"https:\/\/kroon-academy.pl\/wp-content\/uploads\/2026\/02\/Gemini_Generated_Image_3s728b3s728b3s72-1.png\",\"width\":1024,\"height\":1024},{\"@type\":\"BreadcrumbList\",\"@id\":\"http:\/\/kroon-academy.pl\/#breadcrumb\",\"itemListElement\":[{\"@type\":\"ListItem\",\"position\":1,\"name\":\"Strona g\u0142\u00f3wna\",\"item\":\"http:\/\/kroon-academy.pl\/\"},{\"@type\":\"ListItem\",\"position\":2,\"name\":\"Strona g\u0142\u00f3wna\"}]},{\"@type\":\"WebSite\",\"@id\":\"http:\/\/kroon-academy.pl\/#website\",\"url\":\"http:\/\/kroon-academy.pl\/\",\"name\":\"Kroon-academy.pl - Realne efekty Pot\u0119\u017cny zysk!\",\"description\":\"\",\"potentialAction\":[{\"@type\":\"SearchAction\",\"target\":{\"@type\":\"EntryPoint\",\"urlTemplate\":\"http:\/\/kroon-academy.pl\/?s={search_term_string}\"},\"query-input\":{\"@type\":\"PropertyValueSpecification\",\"valueRequired\":true,\"valueName\":\"search_term_string\"}}],\"inLanguage\":\"en-US\"}]}<\/script>\n<!-- \/ Yoast SEO plugin. -->","yoast_head_json":{"title":"Strona g\u0142\u00f3wna - Kroon-academy.pl - Realne efekty Pot\u0119\u017cny zysk!","robots":{"index":"index","follow":"follow","max-snippet":"max-snippet:-1","max-image-preview":"max-image-preview:large","max-video-preview":"max-video-preview:-1"},"canonical":"http:\/\/kroon-academy.pl\/","og_locale":"en_US","og_type":"article","og_title":"Strona g\u0142\u00f3wna - Kroon-academy.pl - Realne efekty Pot\u0119\u017cny zysk!","og_description":"TWOJA KONKURENCJA JU\u017b PRZEGRA\u0141A. PYTANIE, CZY TY O TYM WIESZ. [WCHODZ\u0118 DO GRY -&gt;] W Kroon Academy buduj\u0119 pot\u0119gi, kt\u00f3re po\u017ceraj\u0105 rynek. W Kroon Academy ucz\u0119 Ci\u0119, jak zosta\u0107 drapie\u017cnikiem, a nie zwierzyn\u0105. B\u0105dz w top 1%. ig @kroonacademy [MENU] Marketing organiczny Marketing dla firm Instagram TikTok Youtube \u00a9 2026 Kroon Academy. Wszelkie prawa zastrze\u017cone.","og_url":"http:\/\/kroon-academy.pl\/","og_site_name":"Kroon-academy.pl - Realne efekty Pot\u0119\u017cny zysk!","article_modified_time":"2026-02-18T18:18:49+00:00","og_image":[{"url":"http:\/\/kroon-academy.pl\/wp-content\/uploads\/2026\/02\/Gemini_Generated_Image_3s728b3s728b3s72-1.png","type":"","width":"","height":""}],"twitter_card":"summary_large_image","twitter_misc":{"Est. reading time":"1 minute"},"schema":{"@context":"https:\/\/schema.org","@graph":[{"@type":"WebPage","@id":"http:\/\/kroon-academy.pl\/","url":"http:\/\/kroon-academy.pl\/","name":"Strona g\u0142\u00f3wna - Kroon-academy.pl - Realne efekty Pot\u0119\u017cny zysk!","isPartOf":{"@id":"http:\/\/kroon-academy.pl\/#website"},"primaryImageOfPage":{"@id":"http:\/\/kroon-academy.pl\/#primaryimage"},"image":{"@id":"http:\/\/kroon-academy.pl\/#primaryimage"},"thumbnailUrl":"http:\/\/kroon-academy.pl\/wp-content\/uploads\/2026\/02\/Gemini_Generated_Image_3s728b3s728b3s72-1.png","datePublished":"2026-02-18T15:36:27+00:00","dateModified":"2026-02-18T18:18:49+00:00","breadcrumb":{"@id":"http:\/\/kroon-academy.pl\/#breadcrumb"},"inLanguage":"en-US","potentialAction":[{"@type":"ReadAction","target":["http:\/\/kroon-academy.pl\/"]}]},{"@type":"ImageObject","inLanguage":"en-US","@id":"http:\/\/kroon-academy.pl\/#primaryimage","url":"https:\/\/kroon-academy.pl\/wp-content\/uploads\/2026\/02\/Gemini_Generated_Image_3s728b3s728b3s72-1.png","contentUrl":"https:\/\/kroon-academy.pl\/wp-content\/uploads\/2026\/02\/Gemini_Generated_Image_3s728b3s728b3s72-1.png","width":1024,"height":1024},{"@type":"BreadcrumbList","@id":"http:\/\/kroon-academy.pl\/#breadcrumb","itemListElement":[{"@type":"ListItem","position":1,"name":"Strona g\u0142\u00f3wna","item":"http:\/\/kroon-academy.pl\/"},{"@type":"ListItem","position":2,"name":"Strona g\u0142\u00f3wna"}]},{"@type":"WebSite","@id":"http:\/\/kroon-academy.pl\/#website","url":"http:\/\/kroon-academy.pl\/","name":"Kroon-academy.pl - Realne efekty Pot\u0119\u017cny zysk!","description":"","potentialAction":[{"@type":"SearchAction","target":{"@type":"EntryPoint","urlTemplate":"http:\/\/kroon-academy.pl\/?s={search_term_string}"},"query-input":{"@type":"PropertyValueSpecification","valueRequired":true,"valueName":"search_term_string"}}],"inLanguage":"en-US"}]}},"_links":{"self":[{"href":"https:\/\/kroon-academy.pl\/index.php?rest_route=\/wp\/v2\/pages\/13","targetHints":{"allow":["GET"]}}],"collection":[{"href":"https:\/\/kroon-academy.pl\/index.php?rest_route=\/wp\/v2\/pages"}],"about":[{"href":"https:\/\/kroon-academy.pl\/index.php?rest_route=\/wp\/v2\/types\/page"}],"author":[{"embeddable":true,"href":"https:\/\/kroon-academy.pl\/index.php?rest_route=\/wp\/v2\/users\/1"}],"replies":[{"embeddable":true,"href":"https:\/\/kroon-academy.pl\/index.php?rest_route=%2Fwp%2Fv2%2Fcomments&post=13"}],"version-history":[{"count":163,"href":"https:\/\/kroon-academy.pl\/index.php?rest_route=\/wp\/v2\/pages\/13\/revisions"}],"predecessor-version":[{"id":197,"href":"https:\/\/kroon-academy.pl\/index.php?rest_route=\/wp\/v2\/pages\/13\/revisions\/197"}],"wp:attachment":[{"href":"https:\/\/kroon-academy.pl\/index.php?rest_route=%2Fwp%2Fv2%2Fmedia&parent=13"}],"curies":[{"name":"wp","href":"https:\/\/api.w.org\/{rel}","templated":true}]}}